{"id":595,"date":"2021-10-20T14:58:08","date_gmt":"2021-10-20T14:58:08","guid":{"rendered":"https:\/\/teszt.cool-media.ro\/?page_id=595"},"modified":"2021-11-12T13:10:07","modified_gmt":"2021-11-12T13:10:07","slug":"cristurusecuiesc","status":"publish","type":"page","link":"https:\/\/cool-media.ro\/ro\/cristurusecuiesc\/","title":{"rendered":"Cristuru Secuiesc"},"content":{"rendered":"<p>[et_pb_section fb_built=&#8221;1&#8243; _builder_version=&#8221;4.10.5&#8243; _module_preset=&#8221;default&#8221; background_image=&#8221;http:\/\/cool-media.ro\/wp-content\/uploads\/2021\/09\/triangle-mosaic.png&#8221; background_size=&#8221;initial&#8221; background_repeat=&#8221;repeat&#8221; global_colors_info=&#8221;{}&#8221;][et_pb_row _builder_version=&#8221;4.10.5&#8243; _module_preset=&#8221;default&#8221; global_colors_info=&#8221;{}&#8221;][et_pb_column type=&#8221;4_4&#8243; _builder_version=&#8221;4.10.5&#8243; _module_preset=&#8221;default&#8221; global_colors_info=&#8221;{}&#8221;][et_pb_text _builder_version=&#8221;4.10.5&#8243; _module_preset=&#8221;default&#8221; header_font=&#8221;Poppins|800|on||||||&#8221; header_text_align=&#8221;left&#8221; header_text_color=&#8221;#E02B20&#8243; header_font_size=&#8221;60px&#8221; header_3_font=&#8221;Poppins|700|on||||||&#8221; header_3_text_color=&#8221;#db1e54&#8243; global_colors_info=&#8221;{}&#8221;]<\/p>\n<h1>Cristuru Secuiesc<\/h1>\n<h3>Suprafe\u021be publicitare<\/h3>\n<p>[\/et_pb_text][\/et_pb_column][\/et_pb_row][et_pb_row column_structure=&#8221;1_5,1_5,1_5,1_5,1_5&#8243; make_equal=&#8221;on&#8221; _builder_version=&#8221;4.10.5&#8243; _module_preset=&#8221;default&#8221; hover_enabled=&#8221;0&#8243; global_colors_info=&#8221;{}&#8221; sticky_enabled=&#8221;0&#8243;][et_pb_column type=&#8221;1_5&#8243; _builder_version=&#8221;4.10.5&#8243; _module_preset=&#8221;default&#8221; global_colors_info=&#8221;{}&#8221;][et_pb_button button_url=&#8221;\/spatii-publicitare-a0&#8243; button_text=&#8221;OSZLOPOS PAN\u00d3K SZ\u00c9KELYUDVARHELY&#8221; button_alignment=&#8221;center&#8221; _builder_version=&#8221;4.10.5&#8243; _module_preset=&#8221;default&#8221; custom_button=&#8221;on&#8221; button_text_size=&#8221;15px&#8221; button_text_color=&#8221;#FFFFFF&#8221; button_bg_color=&#8221;#E09900&#8243; button_border_color=&#8221;#fcc500&#8243; button_font=&#8221;Poppins|800|||||||&#8221; background_layout=&#8221;dark&#8221; global_colors_info=&#8221;{}&#8221;][\/et_pb_button][\/et_pb_column][et_pb_column type=&#8221;1_5&#8243; _builder_version=&#8221;4.10.5&#8243; _module_preset=&#8221;default&#8221; global_colors_info=&#8221;{}&#8221;][et_pb_button button_url=&#8221;\/mciuc&#8221; button_text=&#8221;CS\u00cdKSZEREDAI REKL\u00c1MFEL\u00dcLETEK&#8221; button_alignment=&#8221;center&#8221; _builder_version=&#8221;4.10.5&#8243; _module_preset=&#8221;default&#8221; custom_button=&#8221;on&#8221; button_text_size=&#8221;15px&#8221; button_text_color=&#8221;#FFFFFF&#8221; button_bg_color=&#8221;#0C71C3&#8243; button_border_color=&#8221;#5b9ce5&#8243; button_font=&#8221;Poppins|800|||||||&#8221; background_layout=&#8221;dark&#8221; global_colors_info=&#8221;{}&#8221;][\/et_pb_button][\/et_pb_column][et_pb_column type=&#8221;1_5&#8243; _builder_version=&#8221;4.10.5&#8243; _module_preset=&#8221;default&#8221; global_colors_info=&#8221;{}&#8221;][et_pb_button button_url=&#8221;\/cristurusecuiesc&#8221; button_text=&#8221;SZ\u00c9KELYKERESZT\u00daRI REKL\u00c1MFEL\u00dcLETEK&#8221; button_alignment=&#8221;center&#8221; _builder_version=&#8221;4.10.5&#8243; _module_preset=&#8221;default&#8221; custom_button=&#8221;on&#8221; button_text_size=&#8221;15px&#8221; button_text_color=&#8221;#FFFFFF&#8221; button_bg_color=&#8221;#00bc9d&#8221; button_border_color=&#8221;#099e85&#8243; button_font=&#8221;Poppins|800|||||||&#8221; background_layout=&#8221;dark&#8221; global_colors_info=&#8221;{}&#8221;][\/et_pb_button][\/et_pb_column][et_pb_column type=&#8221;1_5&#8243; _builder_version=&#8221;4.10.5&#8243; _module_preset=&#8221;default&#8221; global_colors_info=&#8221;{}&#8221;][et_pb_button button_url=&#8221;\/sibiu-2&#8243; button_text=&#8221;SZEBEN MEGYEI REKL\u00c1MFEL\u00dcLETEK&#8221; button_alignment=&#8221;center&#8221; _builder_version=&#8221;4.10.5&#8243; _module_preset=&#8221;default&#8221; custom_button=&#8221;on&#8221; button_text_size=&#8221;15px&#8221; button_text_color=&#8221;#FFFFFF&#8221; button_bg_color=&#8221;#00a4ba&#8221; button_border_color=&#8221;#00c7ea&#8221; button_font=&#8221;Poppins|800|||||||&#8221; background_layout=&#8221;dark&#8221; global_colors_info=&#8221;{}&#8221;][\/et_pb_button][\/et_pb_column][et_pb_column type=&#8221;1_5&#8243; _builder_version=&#8221;4.10.5&#8243; _module_preset=&#8221;default&#8221; global_colors_info=&#8221;{}&#8221;][et_pb_button button_url=&#8221;\/mures&#8221; button_text=&#8221;MAROS MEGYEI REKL\u00c1MFEL\u00dcLETEK&#8221; button_alignment=&#8221;center&#8221; _builder_version=&#8221;4.10.5&#8243; _module_preset=&#8221;default&#8221; custom_button=&#8221;on&#8221; button_text_size=&#8221;15px&#8221; button_text_color=&#8221;#FFFFFF&#8221; button_bg_color=&#8221;#ed0056&#8243; button_border_color=&#8221;#f762aa&#8221; button_font=&#8221;Poppins|800|||||||&#8221; background_layout=&#8221;dark&#8221; global_colors_info=&#8221;{}&#8221;][\/et_pb_button][\/et_pb_column][\/et_pb_row][et_pb_row column_structure=&#8221;3_5,2_5&#8243; _builder_version=&#8221;4.10.5&#8243; _module_preset=&#8221;default&#8221; width=&#8221;75.1%&#8221; global_colors_info=&#8221;{}&#8221;][et_pb_column type=&#8221;3_5&#8243; _builder_version=&#8221;4.10.5&#8243; _module_preset=&#8221;default&#8221; global_colors_info=&#8221;{}&#8221;][et_pb_text _builder_version=&#8221;4.10.5&#8243; _module_preset=&#8221;default&#8221; text_font=&#8221;Poppins|800|||||||&#8221; header_font=&#8221;Poppins|800|on||||||&#8221; header_text_color=&#8221;#E02B20&#8243; header_3_text_color=&#8221;#0C71C3&#8243; header_3_font_size=&#8221;15px&#8221; header_4_font=&#8221;Poppins|800|on||||||&#8221; header_4_text_color=&#8221;#E09900&#8243; header_4_font_size=&#8221;29px&#8221; header_5_font=&#8221;Poppins|700|on||||||&#8221; header_5_text_color=&#8221;#0C71C3&#8243; custom_margin=&#8221;||-2px|||&#8221; global_colors_info=&#8221;{}&#8221;]<\/p>\n<h1>Spa\u021biu publicitar special - CR1<\/h1>\n<h4>Quick Car Wash - Cea mai modern\u0103 sp\u0103l\u0103torie self service din \u021bar\u0103<\/h4>\n<h5>Str. Arany Janos nr.8 - Cristuru Secuiesc<\/h5>\n<h3>Suprafe\u021be care pot fi \u00eenchiriate: laturile interioare ale sta\u021biilor de sp\u0103lare auto, laturile aspiratoarelor, laturile interioare ale gardurilor.<\/h3>\n<p>[\/et_pb_text][wdcl_image_carousel autoplay_speed=&#8221;1500ms&#8221; slide_count=&#8221;2&#8243; use_lightbox=&#8221;on&#8221; _builder_version=&#8221;4.10.5&#8243; _module_preset=&#8221;default&#8221; global_colors_info=&#8221;{}&#8221;][wdcl_image_carousel_child photo=&#8221;http:\/\/cool-media.ro\/wp-content\/uploads\/2021\/11\/cr-suprafete-copy.jpg&#8221; _builder_version=&#8221;4.10.5&#8243; _module_preset=&#8221;default&#8221; global_colors_info=&#8221;{}&#8221;][\/wdcl_image_carousel_child][wdcl_image_carousel_child photo=&#8221;http:\/\/cool-media.ro\/wp-content\/uploads\/2021\/11\/CR-Pachet.jpg&#8221; _builder_version=&#8221;4.10.5&#8243; _module_preset=&#8221;default&#8221; global_colors_info=&#8221;{}&#8221;][\/wdcl_image_carousel_child][wdcl_image_carousel_child photo=&#8221;http:\/\/cool-media.ro\/wp-content\/uploads\/2021\/11\/pachet4-v2.jpg&#8221; _builder_version=&#8221;4.10.5&#8243; _module_preset=&#8221;default&#8221; global_colors_info=&#8221;{}&#8221;][\/wdcl_image_carousel_child][wdcl_image_carousel_child photo=&#8221;http:\/\/cool-media.ro\/wp-content\/uploads\/2021\/11\/CR-Pachet3.jpg&#8221; _builder_version=&#8221;4.10.5&#8243; _module_preset=&#8221;default&#8221; global_colors_info=&#8221;{}&#8221;][\/wdcl_image_carousel_child][\/wdcl_image_carousel][et_pb_text _builder_version=&#8221;4.10.5&#8243; _module_preset=&#8221;default&#8221; text_font=&#8221;Poppins||||||||&#8221; text_text_color=&#8221;#000000&#8243; global_colors_info=&#8221;{}&#8221;]<\/p>\n<p>Sp\u0103l\u0103toria auto Quick Car Wash- self service din Cristuru Secuiesc este una dintre cele mai moderne de sp\u0103l\u0103torie auto din re\u021bea Quick Car Wash din \u021bar\u0103, iar din 2019, datorit\u0103 cifrei mari de vizitatori, va oferi posibilitatea de a \u00eenchiria spa\u021bii publicitare \u00een incint\u0103.<\/p>\n<p>\u2022 Spa\u021bii publicitare uria\u0219e de \u00eenchiriat la cea mai aglomerat\u0103 sp\u0103l\u0103torie auto din ora\u0219<br \/>\u2022 Suprafe\u021bele interiorului este \u00een mod inevitabil la vederea tuturor vizitatorilor<\/p>\n<p>&nbsp;<\/p>\n<p>[\/et_pb_text][\/et_pb_column][et_pb_column type=&#8221;2_5&#8243; _builder_version=&#8221;4.10.5&#8243; _module_preset=&#8221;default&#8221; global_colors_info=&#8221;{}&#8221;][et_pb_code _builder_version=&#8221;4.10.5&#8243; _module_preset=&#8221;default&#8221; global_colors_info=&#8221;{}&#8221;]<iframe src=\"https:\/\/www.google.com\/maps\/embed?pb=!1m18!1m12!1m3!1d6557.352198918062!2d25.03855372662237!3d46.28943820310435!2m3!1f0!2f0!3f0!3m2!1i1024!2i768!4f13.1!3m3!1m2!1s0x474b0deb419500c9%3A0x34519db16016d4b8!2sStrada%20Arany%20Janos%208%2C%20Cristuru%20Secuiesc%20535400!5e0!3m2!1shu!2sro!4v1634743610224!5m2!1shu!2sro\" width=\"100%\" height=\"450\" style=\"border:0;\" allowfullscreen=\"\" loading=\"lazy\"><\/iframe>[\/et_pb_code][\/et_pb_column][\/et_pb_row][et_pb_row column_structure=&#8221;3_5,2_5&#8243; _builder_version=&#8221;4.10.5&#8243; _module_preset=&#8221;default&#8221; width=&#8221;75.1%&#8221; global_colors_info=&#8221;{}&#8221;][et_pb_column type=&#8221;3_5&#8243; _builder_version=&#8221;4.10.5&#8243; _module_preset=&#8221;default&#8221; global_colors_info=&#8221;{}&#8221;][et_pb_text _builder_version=&#8221;4.10.5&#8243; _module_preset=&#8221;default&#8221; text_font=&#8221;Poppins|800|||||||&#8221; header_font=&#8221;Poppins|800|on||||||&#8221; header_text_color=&#8221;#E02B20&#8243; header_3_text_color=&#8221;#0C71C3&#8243; header_3_font_size=&#8221;15px&#8221; header_4_font=&#8221;Poppins|800|on||||||&#8221; header_4_text_color=&#8221;#E09900&#8243; header_4_font_size=&#8221;29px&#8221; header_5_font=&#8221;Poppins|700|on||||||&#8221; header_5_text_color=&#8221;#0C71C3&#8243; custom_margin=&#8221;||-2px|||&#8221; global_colors_info=&#8221;{}&#8221;]<\/p>\n<h1>Spa\u021biu publicitar special - CR2<\/h1>\n<h4>Suprafa\u021b\u0103 uria\u0219\u0103 de \u00eenchiriat<\/h4>\n<h5>Strada Timafalvi nr.61 - Cristuru Secuiesc<\/h5>\n<h3>Disponibilitate: Disponibil<\/h3>\n<p>[\/et_pb_text][wdcl_image_carousel autoplay_speed=&#8221;1500ms&#8221; slide_count=&#8221;2&#8243; use_lightbox=&#8221;on&#8221; _builder_version=&#8221;4.10.5&#8243; _module_preset=&#8221;default&#8221; global_colors_info=&#8221;{}&#8221;][wdcl_image_carousel_child photo=&#8221;http:\/\/cool-media.ro\/wp-content\/uploads\/2021\/10\/CRfal4.jpg&#8221; _builder_version=&#8221;4.10.5&#8243; _module_preset=&#8221;default&#8221; global_colors_info=&#8221;{}&#8221;][\/wdcl_image_carousel_child][wdcl_image_carousel_child photo=&#8221;http:\/\/cool-media.ro\/wp-content\/uploads\/2021\/10\/CRfal5.jpg&#8221; _builder_version=&#8221;4.10.5&#8243; _module_preset=&#8221;default&#8221; global_colors_info=&#8221;{}&#8221;][\/wdcl_image_carousel_child][\/wdcl_image_carousel][et_pb_text _builder_version=&#8221;4.10.5&#8243; _module_preset=&#8221;default&#8221; text_font=&#8221;Poppins||||||||&#8221; text_text_color=&#8221;#000000&#8243; global_colors_info=&#8221;{}&#8221;]<\/p>\n<p>Venind spre centru dinspre Bete\u0219ti, chiar pe drumul principal se afl\u0103 suprafa\u021ba aceasta cu dimnsiune uria\u0219\u0103, disponibil pentru \u00eenchiriere.<\/p>\n<p>Dimensiuni: 500x250 cm<\/p>\n<p>[\/et_pb_text][\/et_pb_column][et_pb_column type=&#8221;2_5&#8243; _builder_version=&#8221;4.10.5&#8243; _module_preset=&#8221;default&#8221; global_colors_info=&#8221;{}&#8221;][et_pb_code _builder_version=&#8221;4.10.5&#8243; _module_preset=&#8221;default&#8221; global_colors_info=&#8221;{}&#8221;]<iframe src=\"https:\/\/www.google.com\/maps\/embed?pb=!4v1634791202528!6m8!1m7!1skQOMLi8jfbK5xn2aBREUNQ!2m2!1d46.29212888289135!2d25.04308280702629!3f285.53855328930587!4f-3.6808576576969756!5f1.599975586155709\" width=\"100%\" height=\"450\" style=\"border:0;\" allowfullscreen=\"\" loading=\"lazy\"><\/iframe>[\/et_pb_code][\/et_pb_column][\/et_pb_row][et_pb_row column_structure=&#8221;3_5,2_5&#8243; _builder_version=&#8221;4.10.5&#8243; _module_preset=&#8221;default&#8221; width=&#8221;75.1%&#8221; global_colors_info=&#8221;{}&#8221;][et_pb_column type=&#8221;3_5&#8243; _builder_version=&#8221;4.10.5&#8243; _module_preset=&#8221;default&#8221; global_colors_info=&#8221;{}&#8221;][et_pb_text _builder_version=&#8221;4.10.5&#8243; _module_preset=&#8221;default&#8221; text_font=&#8221;Poppins|800|||||||&#8221; header_font=&#8221;Poppins|800|on||||||&#8221; header_text_color=&#8221;#E02B20&#8243; header_3_text_color=&#8221;#0C71C3&#8243; header_3_font_size=&#8221;15px&#8221; header_4_font=&#8221;Poppins|800|on||||||&#8221; header_4_text_color=&#8221;#E09900&#8243; header_4_font_size=&#8221;29px&#8221; header_5_font=&#8221;Poppins|700|on||||||&#8221; header_5_text_color=&#8221;#0C71C3&#8243; custom_margin=&#8221;||-2px|||&#8221; global_colors_info=&#8221;{}&#8221;]<\/p>\n<h1>Alte suprafe\u021be publicitare<\/h1>\n<h4>Oferte personalizate<\/h4>\n<h5>Strada Timafalvi nr.61 - Cristuru Secuiesc<\/h5>\n<h3>Disponibilitate: Disponibil<\/h3>\n<p>[\/et_pb_text][wdcl_image_carousel autoplay_speed=&#8221;1500ms&#8221; slide_count=&#8221;2&#8243; use_lightbox=&#8221;on&#8221; _builder_version=&#8221;4.10.5&#8243; _module_preset=&#8221;default&#8221; global_colors_info=&#8221;{}&#8221;][wdcl_image_carousel_child photo=&#8221;http:\/\/cool-media.ro\/wp-content\/uploads\/2021\/10\/CRfal-B1.jpg&#8221; _builder_version=&#8221;4.10.5&#8243; _module_preset=&#8221;default&#8221; global_colors_info=&#8221;{}&#8221;][\/wdcl_image_carousel_child][wdcl_image_carousel_child photo=&#8221;http:\/\/cool-media.ro\/wp-content\/uploads\/2021\/10\/CRfal-E1.jpg&#8221; _builder_version=&#8221;4.10.5&#8243; _module_preset=&#8221;default&#8221; global_colors_info=&#8221;{}&#8221;][\/wdcl_image_carousel_child][wdcl_image_carousel_child photo=&#8221;http:\/\/cool-media.ro\/wp-content\/uploads\/2021\/10\/CRfal-D1.jpg&#8221; _builder_version=&#8221;4.10.5&#8243; _module_preset=&#8221;default&#8221; global_colors_info=&#8221;{}&#8221;][\/wdcl_image_carousel_child][wdcl_image_carousel_child photo=&#8221;http:\/\/cool-media.ro\/wp-content\/uploads\/2021\/10\/CRfal-C1.jpg&#8221; _builder_version=&#8221;4.10.5&#8243; _module_preset=&#8221;default&#8221; global_colors_info=&#8221;{}&#8221;][\/wdcl_image_carousel_child][\/wdcl_image_carousel][et_pb_text _builder_version=&#8221;4.10.5&#8243; _module_preset=&#8221;default&#8221; text_font=&#8221;Poppins||||||||&#8221; text_text_color=&#8221;#000000&#8243; global_colors_info=&#8221;{}&#8221;]<\/p>\n<p>\u2022 \u00cen Cristuru Secuiesc avem mai multe puncte cu spa\u021bii publicitare \u00eenchiriabile, care sunt disponibile \u00eencep\u00e2nd de m\u00e2ine.<br \/>\u2022 Suprafe\u021bele noastre sunt situate garantat \u00een cele mai aglomerate zone ale ora\u0219ului.<br \/>\u2022 Pentru oferte de pachete personalizate \u0219i campanii complete, v\u0103 rug\u0103m s\u0103 ne contacta\u021bi.<\/p>\n<p>Dimensiuni: Diverse<\/p>\n<p>[\/et_pb_text][\/et_pb_column][et_pb_column type=&#8221;2_5&#8243; _builder_version=&#8221;4.10.5&#8243; _module_preset=&#8221;default&#8221; global_colors_info=&#8221;{}&#8221;][et_pb_code _builder_version=&#8221;4.10.5&#8243; _module_preset=&#8221;default&#8221; global_colors_info=&#8221;{}&#8221;]<iframe src=\"https:\/\/www.google.com\/maps\/embed?pb=!1m18!1m12!1m3!1d11028.422494038012!2d25.028003444017685!3d46.287875765907685!2m3!1f0!2f0!3f0!3m2!1i1024!2i768!4f13.1!3m3!1m2!1s0x474b0dc51c7c4cab%3A0xe1f784c882aa4288!2sSz%C3%A9kelykereszt%C3%BAr%20535400!5e0!3m2!1shu!2sro!4v1634794259352!5m2!1shu!2sro\" width=\"100%\" height=\"450\" style=\"border:0;\" allowfullscreen=\"\" loading=\"lazy\"><\/iframe>[\/et_pb_code][\/et_pb_column][\/et_pb_row][et_pb_row column_structure=&#8221;1_5,1_5,1_5,1_5,1_5&#8243; make_equal=&#8221;on&#8221; _builder_version=&#8221;4.10.5&#8243; _module_preset=&#8221;default&#8221; hover_enabled=&#8221;0&#8243; global_colors_info=&#8221;{}&#8221; sticky_enabled=&#8221;0&#8243;][et_pb_column type=&#8221;1_5&#8243; _builder_version=&#8221;4.10.5&#8243; _module_preset=&#8221;default&#8221; global_colors_info=&#8221;{}&#8221;][et_pb_button button_url=&#8221;\/spatii-publicitare-a0&#8243; button_text=&#8221;OSZLOPOS PAN\u00d3K SZ\u00c9KELYUDVARHELY&#8221; button_alignment=&#8221;center&#8221; _builder_version=&#8221;4.10.5&#8243; _module_preset=&#8221;default&#8221; custom_button=&#8221;on&#8221; button_text_size=&#8221;15px&#8221; button_text_color=&#8221;#FFFFFF&#8221; button_bg_color=&#8221;#E09900&#8243; button_border_color=&#8221;#fcc500&#8243; button_font=&#8221;Poppins|800|||||||&#8221; background_layout=&#8221;dark&#8221; global_colors_info=&#8221;{}&#8221;][\/et_pb_button][\/et_pb_column][et_pb_column type=&#8221;1_5&#8243; _builder_version=&#8221;4.10.5&#8243; _module_preset=&#8221;default&#8221; global_colors_info=&#8221;{}&#8221;][et_pb_button button_url=&#8221;\/mciuc&#8221; button_text=&#8221;CS\u00cdKSZEREDAI REKL\u00c1MFEL\u00dcLETEK&#8221; button_alignment=&#8221;center&#8221; _builder_version=&#8221;4.10.5&#8243; _module_preset=&#8221;default&#8221; custom_button=&#8221;on&#8221; button_text_size=&#8221;15px&#8221; button_text_color=&#8221;#FFFFFF&#8221; button_bg_color=&#8221;#0C71C3&#8243; button_border_color=&#8221;#5b9ce5&#8243; button_font=&#8221;Poppins|800|||||||&#8221; background_layout=&#8221;dark&#8221; global_colors_info=&#8221;{}&#8221;][\/et_pb_button][\/et_pb_column][et_pb_column type=&#8221;1_5&#8243; _builder_version=&#8221;4.10.5&#8243; _module_preset=&#8221;default&#8221; global_colors_info=&#8221;{}&#8221;][et_pb_button button_url=&#8221;\/cristurusecuiesc&#8221; button_text=&#8221;SZ\u00c9KELYKERESZT\u00daRI REKL\u00c1MFEL\u00dcLETEK&#8221; button_alignment=&#8221;center&#8221; _builder_version=&#8221;4.10.5&#8243; _module_preset=&#8221;default&#8221; custom_button=&#8221;on&#8221; button_text_size=&#8221;15px&#8221; button_text_color=&#8221;#FFFFFF&#8221; button_bg_color=&#8221;#00bc9d&#8221; button_border_color=&#8221;#099e85&#8243; button_font=&#8221;Poppins|800|||||||&#8221; background_layout=&#8221;dark&#8221; global_colors_info=&#8221;{}&#8221;][\/et_pb_button][\/et_pb_column][et_pb_column type=&#8221;1_5&#8243; _builder_version=&#8221;4.10.5&#8243; _module_preset=&#8221;default&#8221; global_colors_info=&#8221;{}&#8221;][et_pb_button button_url=&#8221;\/sibiu-2&#8243; button_text=&#8221;SZEBEN MEGYEI REKL\u00c1MFEL\u00dcLETEK&#8221; button_alignment=&#8221;center&#8221; _builder_version=&#8221;4.10.5&#8243; _module_preset=&#8221;default&#8221; custom_button=&#8221;on&#8221; button_text_size=&#8221;15px&#8221; button_text_color=&#8221;#FFFFFF&#8221; button_bg_color=&#8221;#00a4ba&#8221; button_border_color=&#8221;#00c7ea&#8221; button_font=&#8221;Poppins|800|||||||&#8221; background_layout=&#8221;dark&#8221; global_colors_info=&#8221;{}&#8221;][\/et_pb_button][\/et_pb_column][et_pb_column type=&#8221;1_5&#8243; _builder_version=&#8221;4.10.5&#8243; _module_preset=&#8221;default&#8221; global_colors_info=&#8221;{}&#8221;][et_pb_button button_url=&#8221;\/mures&#8221; button_text=&#8221;MAROS MEGYEI REKL\u00c1MFEL\u00dcLETEK&#8221; button_alignment=&#8221;center&#8221; _builder_version=&#8221;4.10.5&#8243; _module_preset=&#8221;default&#8221; custom_button=&#8221;on&#8221; button_text_size=&#8221;15px&#8221; button_text_color=&#8221;#FFFFFF&#8221; button_bg_color=&#8221;#ed0056&#8243; button_border_color=&#8221;#f762aa&#8221; button_font=&#8221;Poppins|800|||||||&#8221; background_layout=&#8221;dark&#8221; global_colors_info=&#8221;{}&#8221;][\/et_pb_button][\/et_pb_column][\/et_pb_row][\/et_pb_section]<\/p>","protected":false},"excerpt":{"rendered":"<p>Sz\u00e9kelykereszt\u00fari Rekl\u00e1mfel\u00fcletekKiemelt fel\u00fclet-CR1 a Quick Car Wash &#8211; Az orsz\u00e1g legmodernebb k\u00e9zi aut\u00f3mos\u00f3ja Arany J\u00e1nos utca 8. &#8211; Sz\u00e9kelykereszt\u00far B\u00e9relhet\u0151 fel\u00fcletek: Aut\u00f3mos\u00f3 be\u00e1ll\u00f3k bels\u0151 oldalai, porsz\u00edv\u00f3k oldalai, ker\u00edt\u00e9s bels\u0151 oldalai.<div class=\"et_pb_module wdcl_image_carousel wdcl_image_carousel_0\">\n\t\t\t\t\n\t\t\t\t\n\t\t\t\t\n\t\t\t\t\n\t\t\t\t\n\t\t\t\t\n\t\t\t\t<div class=\"et_pb_module_inner\">\n\t\t\t\t\t<div dir=\"ltr\" class=\"dcm-container dcm-carousel-maker dcm-lightbox-enabled\" data-pagi=\"false\"\n\t\t\tdata-pagi-tablet=\"false\"\n\t\t\tdata-pagi-phone=\"false\"\n\t\t\tdata-nav=\"true\"\n\t\t\tdata-nav-tablet=\"true\"\n\t\t\tdata-nav-phone=\"true\"\n\t\t\tdata-autoplay=\"on\"\n\t\t\tdata-autoplay-speed=\"1500ms\"\n\t\t\tdata-speed=\"700ms\"\n\t\t\tdata-slides=\"2\"\n\t\t\tdata-slides-tablet=\"2\"\n\t\t\tdata-slides-phone=\"2\"\n\t\t\tdata-center=\"off\"\n\t\t\tdata-center-mode-type=\"classic\"\n\t\t\tdata-center-padding=\"70px||\"\n\t\t\tdata-vertical=\"off\"\n\t\t\tdata-icon-left=\"4\"\n\t\t\tdata-icon-right=\"5\"\n\t\t\tdata-infinite=\"on\"\n\t\t\tdata-variable-width=\"off\"\n\t\t\tdata-auto-height=\"off\"\n\t\t\tdata-items-scroll=\"1||\"\n\t\t\tdata-fade=\"off\"\n\t\t\tdata-dir=\"ltr\">\n                <div class=\"wdcl_image_carousel_child wdcl_image_carousel_child_0 wdc_et_pb_module\">\n\t\t\t\t\n\t\t\t\t\n\t\t\t\t\n\t\t\t\t\n\t\t\t\t\n\t\t\t\t\n\t\t\t\t<div class=\"et_pb_module_inner\">\n\t\t\t\t\t<div class=\"dcm-carousel-item dcm-image-swap dcm-hover--none\">\n\t\t\t\t<figure class=\"dcm-lightbox-ctrl\">\n\t\t\t\t<div class=\"dcm-overlay\" data-icon=\"\"><\/div>\n\t\t\t\t<img decoding=\"async\" class=\"dcm-main-img\" data-mfp-src=\"http:\/\/cool-media.ro\/wp-content\/uploads\/2021\/11\/cr-suprafete-copy.jpg\" src=\"http:\/\/cool-media.ro\/wp-content\/uploads\/2021\/11\/cr-suprafete-copy.jpg\" alt=\"\"\/>\n            <\/figure> \n\t\t\t<\/div>\n\t\t\t\t<\/div>\n\t\t\t<\/div><div class=\"wdcl_image_carousel_child wdcl_image_carousel_child_1 wdc_et_pb_module\">\n\t\t\t\t\n\t\t\t\t\n\t\t\t\t\n\t\t\t\t\n\t\t\t\t\n\t\t\t\t\n\t\t\t\t<div class=\"et_pb_module_inner\">\n\t\t\t\t\t<div class=\"dcm-carousel-item dcm-image-swap dcm-hover--none\">\n\t\t\t\t<figure class=\"dcm-lightbox-ctrl\">\n\t\t\t\t<div class=\"dcm-overlay\" data-icon=\"\"><\/div>\n\t\t\t\t<img decoding=\"async\" class=\"dcm-main-img\" data-mfp-src=\"http:\/\/cool-media.ro\/wp-content\/uploads\/2021\/11\/CR-Pachet.jpg\" src=\"http:\/\/cool-media.ro\/wp-content\/uploads\/2021\/11\/CR-Pachet.jpg\" alt=\"\"\/>\n            <\/figure> \n\t\t\t<\/div>\n\t\t\t\t<\/div>\n\t\t\t<\/div><div class=\"wdcl_image_carousel_child wdcl_image_carousel_child_2 wdc_et_pb_module\">\n\t\t\t\t\n\t\t\t\t\n\t\t\t\t\n\t\t\t\t\n\t\t\t\t\n\t\t\t\t\n\t\t\t\t<div class=\"et_pb_module_inner\">\n\t\t\t\t\t<div class=\"dcm-carousel-item dcm-image-swap dcm-hover--none\">\n\t\t\t\t<figure class=\"dcm-lightbox-ctrl\">\n\t\t\t\t<div class=\"dcm-overlay\" data-icon=\"\"><\/div>\n\t\t\t\t<img decoding=\"async\" class=\"dcm-main-img\" data-mfp-src=\"http:\/\/cool-media.ro\/wp-content\/uploads\/2021\/11\/pachet4-v2.jpg\" src=\"http:\/\/cool-media.ro\/wp-content\/uploads\/2021\/11\/pachet4-v2.jpg\" alt=\"\"\/>\n            <\/figure> \n\t\t\t<\/div>\n\t\t\t\t<\/div>\n\t\t\t<\/div><div class=\"wdcl_image_carousel_child wdcl_image_carousel_child_3 wdc_et_pb_module\">\n\t\t\t\t\n\t\t\t\t\n\t\t\t\t\n\t\t\t\t\n\t\t\t\t\n\t\t\t\t\n\t\t\t\t<div class=\"et_pb_module_inner\">\n\t\t\t\t\t<div class=\"dcm-carousel-item dcm-image-swap dcm-hover--none\">\n\t\t\t\t<figure class=\"dcm-lightbox-ctrl\">\n\t\t\t\t<div class=\"dcm-overlay\" data-icon=\"\"><\/div>\n\t\t\t\t<img decoding=\"async\" class=\"dcm-main-img\" data-mfp-src=\"http:\/\/cool-media.ro\/wp-content\/uploads\/2021\/11\/CR-Pachet3.jpg\" src=\"http:\/\/cool-media.ro\/wp-content\/uploads\/2021\/11\/CR-Pachet3.jpg\" alt=\"\"\/>\n            <\/figure> \n\t\t\t<\/div>\n\t\t\t\t<\/div>\n\t\t\t<\/div>\n            <\/div>\n\t\t\t\t<\/div>\n\t\t\t<\/div>A sz\u00e9kelykereszt\u00fari Quick Car [&hellip;]<\/p>","protected":false},"author":1,"featured_media":0,"parent":0,"menu_order":0,"comment_status":"closed","ping_status":"closed","template":"","meta":{"_et_pb_use_builder":"on","_et_pb_old_content":"","_et_gb_content_width":"","footnotes":""},"class_list":["post-595","page","type-page","status-publish","hentry"],"_links":{"self":[{"href":"https:\/\/cool-media.ro\/ro\/wp-json\/wp\/v2\/pages\/595","targetHints":{"allow":["GET"]}}],"collection":[{"href":"https:\/\/cool-media.ro\/ro\/wp-json\/wp\/v2\/pages"}],"about":[{"href":"https:\/\/cool-media.ro\/ro\/wp-json\/wp\/v2\/types\/page"}],"author":[{"embeddable":true,"href":"https:\/\/cool-media.ro\/ro\/wp-json\/wp\/v2\/users\/1"}],"replies":[{"embeddable":true,"href":"https:\/\/cool-media.ro\/ro\/wp-json\/wp\/v2\/comments?post=595"}],"version-history":[{"count":26,"href":"https:\/\/cool-media.ro\/ro\/wp-json\/wp\/v2\/pages\/595\/revisions"}],"predecessor-version":[{"id":782,"href":"https:\/\/cool-media.ro\/ro\/wp-json\/wp\/v2\/pages\/595\/revisions\/782"}],"wp:attachment":[{"href":"https:\/\/cool-media.ro\/ro\/wp-json\/wp\/v2\/media?parent=595"}],"curies":[{"name":"wp","href":"https:\/\/api.w.org\/{rel}","templated":true}]}}