{"id":684,"date":"2021-10-29T02:00:13","date_gmt":"2021-10-29T02:00:13","guid":{"rendered":"https:\/\/teszt.cool-media.ro\/?page_id=684"},"modified":"2021-11-12T13:17:05","modified_gmt":"2021-11-12T13:17:05","slug":"mciuc","status":"publish","type":"page","link":"https:\/\/cool-media.ro\/ro\/mciuc\/","title":{"rendered":"MCiuc"},"content":{"rendered":"<p>[et_pb_section fb_built=&#8221;1&#8243; _builder_version=&#8221;4.10.5&#8243; _module_preset=&#8221;default&#8221; background_image=&#8221;http:\/\/cool-media.ro\/wp-content\/uploads\/2021\/09\/triangle-mosaic.png&#8221; background_size=&#8221;initial&#8221; background_repeat=&#8221;repeat&#8221; global_colors_info=&#8221;{}&#8221;][et_pb_row _builder_version=&#8221;4.10.5&#8243; _module_preset=&#8221;default&#8221; global_colors_info=&#8221;{}&#8221;][et_pb_column type=&#8221;4_4&#8243; _builder_version=&#8221;4.10.5&#8243; _module_preset=&#8221;default&#8221; global_colors_info=&#8221;{}&#8221;][et_pb_text _builder_version=&#8221;4.10.5&#8243; _module_preset=&#8221;default&#8221; header_font=&#8221;Poppins|800|on||||||&#8221; header_text_align=&#8221;left&#8221; header_text_color=&#8221;#E02B20&#8243; header_font_size=&#8221;60px&#8221; header_3_font=&#8221;Poppins|700|on||||||&#8221; header_3_text_color=&#8221;#db1e54&#8243; global_colors_info=&#8221;{}&#8221;]<\/p>\n<h1>Miercurea Ciuc<\/h1>\n<h3>Spa\u021biile noastre publicitare<\/h3>\n<p>[\/et_pb_text][\/et_pb_column][\/et_pb_row][et_pb_row column_structure=&#8221;1_5,1_5,1_5,1_5,1_5&#8243; make_equal=&#8221;on&#8221; _builder_version=&#8221;4.10.5&#8243; _module_preset=&#8221;default&#8221; global_colors_info=&#8221;{}&#8221;][et_pb_column type=&#8221;1_5&#8243; _builder_version=&#8221;4.10.5&#8243; _module_preset=&#8221;default&#8221; global_colors_info=&#8221;{}&#8221;][et_pb_button button_url=&#8221;\/spatii-publicitare-a0&#8243; button_text=&#8221;OSZLOPOS PAN\u00d3K SZ\u00c9KELYUDVARHELY&#8221; button_alignment=&#8221;center&#8221; _builder_version=&#8221;4.10.5&#8243; _module_preset=&#8221;default&#8221; custom_button=&#8221;on&#8221; button_text_size=&#8221;15px&#8221; button_text_color=&#8221;#FFFFFF&#8221; button_bg_color=&#8221;#E09900&#8243; button_border_color=&#8221;#fcc500&#8243; button_font=&#8221;Poppins|800|||||||&#8221; background_layout=&#8221;dark&#8221; global_colors_info=&#8221;{}&#8221;][\/et_pb_button][\/et_pb_column][et_pb_column type=&#8221;1_5&#8243; _builder_version=&#8221;4.10.5&#8243; _module_preset=&#8221;default&#8221; global_colors_info=&#8221;{}&#8221;][et_pb_button button_url=&#8221;\/mciuc&#8221; button_text=&#8221;CS\u00cdKSZEREDAI REKL\u00c1MFEL\u00dcLETEK&#8221; button_alignment=&#8221;center&#8221; _builder_version=&#8221;4.10.5&#8243; _module_preset=&#8221;default&#8221; custom_button=&#8221;on&#8221; button_text_size=&#8221;15px&#8221; button_text_color=&#8221;#FFFFFF&#8221; button_bg_color=&#8221;#0C71C3&#8243; button_border_color=&#8221;#5b9ce5&#8243; button_font=&#8221;Poppins|800|||||||&#8221; background_layout=&#8221;dark&#8221; global_colors_info=&#8221;{}&#8221;][\/et_pb_button][\/et_pb_column][et_pb_column type=&#8221;1_5&#8243; _builder_version=&#8221;4.10.5&#8243; _module_preset=&#8221;default&#8221; global_colors_info=&#8221;{}&#8221;][et_pb_button button_url=&#8221;\/cristurusecuiesc&#8221; button_text=&#8221;SZ\u00c9KELYKERESZT\u00daRI REKL\u00c1MFEL\u00dcLETEK&#8221; button_alignment=&#8221;center&#8221; _builder_version=&#8221;4.10.5&#8243; _module_preset=&#8221;default&#8221; custom_button=&#8221;on&#8221; button_text_size=&#8221;15px&#8221; button_text_color=&#8221;#FFFFFF&#8221; button_bg_color=&#8221;#00bc9d&#8221; button_border_color=&#8221;#099e85&#8243; button_font=&#8221;Poppins|800|||||||&#8221; background_layout=&#8221;dark&#8221; global_colors_info=&#8221;{}&#8221;][\/et_pb_button][\/et_pb_column][et_pb_column type=&#8221;1_5&#8243; _builder_version=&#8221;4.10.5&#8243; _module_preset=&#8221;default&#8221; global_colors_info=&#8221;{}&#8221;][et_pb_button button_url=&#8221;\/sibiu-2&#8243; button_text=&#8221;SZEBEN MEGYEI REKL\u00c1MFEL\u00dcLETEK&#8221; button_alignment=&#8221;center&#8221; _builder_version=&#8221;4.10.5&#8243; _module_preset=&#8221;default&#8221; custom_button=&#8221;on&#8221; button_text_size=&#8221;15px&#8221; button_text_color=&#8221;#FFFFFF&#8221; button_bg_color=&#8221;#00a4ba&#8221; button_border_color=&#8221;#00c7ea&#8221; button_font=&#8221;Poppins|800|||||||&#8221; background_layout=&#8221;dark&#8221; global_colors_info=&#8221;{}&#8221;][\/et_pb_button][\/et_pb_column][et_pb_column type=&#8221;1_5&#8243; _builder_version=&#8221;4.10.5&#8243; _module_preset=&#8221;default&#8221; global_colors_info=&#8221;{}&#8221;][et_pb_button button_url=&#8221;\/mures&#8221; button_text=&#8221;MAROS MEGYEI REKL\u00c1MFEL\u00dcLETEK&#8221; button_alignment=&#8221;center&#8221; _builder_version=&#8221;4.10.5&#8243; _module_preset=&#8221;default&#8221; custom_button=&#8221;on&#8221; button_text_size=&#8221;15px&#8221; button_text_color=&#8221;#FFFFFF&#8221; button_bg_color=&#8221;#ed0056&#8243; button_border_color=&#8221;#f762aa&#8221; button_font=&#8221;Poppins|800|||||||&#8221; background_layout=&#8221;dark&#8221; global_colors_info=&#8221;{}&#8221;][\/et_pb_button][\/et_pb_column][\/et_pb_row][et_pb_row column_structure=&#8221;3_5,2_5&#8243; _builder_version=&#8221;4.10.5&#8243; _module_preset=&#8221;default&#8221; global_colors_info=&#8221;{}&#8221;][et_pb_column type=&#8221;3_5&#8243; _builder_version=&#8221;4.10.5&#8243; _module_preset=&#8221;default&#8221; global_colors_info=&#8221;{}&#8221;][et_pb_text _builder_version=&#8221;4.10.5&#8243; _module_preset=&#8221;default&#8221; text_font=&#8221;Poppins|800|||||||&#8221; header_font=&#8221;Poppins|800|on||||||&#8221; header_3_text_color=&#8221;#0C71C3&#8243; header_3_font_size=&#8221;15px&#8221; header_5_font=&#8221;Poppins|700|on||||||&#8221; header_5_text_color=&#8221;#0C71C3&#8243; global_colors_info=&#8221;{}&#8221;]<\/p>\n<h1>Panou publicitar URIA\u0218 1.<\/h1>\n<h5>ZONA: <span>NEST Shopping Center\u00a0<\/span><br \/><span>Strada Hunyadi J\u00e1nos <\/span>(Miercurea Ciuc)<\/h5>\n<h3>De \u00eenchiriat: <em>Disponibil<\/em><\/h3>\n<p>[\/et_pb_text][wdcl_image_carousel autoplay_speed=&#8221;1500ms&#8221; use_lightbox=&#8221;on&#8221; _builder_version=&#8221;4.10.5&#8243; _module_preset=&#8221;default&#8221; global_colors_info=&#8221;{}&#8221;][wdcl_image_carousel_child photo=&#8221;http:\/\/cool-media.ro\/wp-content\/uploads\/2021\/10\/NEST4.jpg&#8221; image_hover_animation=&#8221;zoom-in&#8221; _builder_version=&#8221;4.10.5&#8243; _module_preset=&#8221;default&#8221; global_colors_info=&#8221;{}&#8221;][\/wdcl_image_carousel_child][wdcl_image_carousel_child photo=&#8221;http:\/\/cool-media.ro\/wp-content\/uploads\/2021\/10\/NEST3.jpg&#8221; _builder_version=&#8221;4.10.5&#8243; _module_preset=&#8221;default&#8221; global_colors_info=&#8221;{}&#8221;][\/wdcl_image_carousel_child][wdcl_image_carousel_child photo=&#8221;http:\/\/cool-media.ro\/wp-content\/uploads\/2021\/10\/NEST2.jpg&#8221; _builder_version=&#8221;4.10.5&#8243; _module_preset=&#8221;default&#8221; global_colors_info=&#8221;{}&#8221;][\/wdcl_image_carousel_child][wdcl_image_carousel_child photo=&#8221;http:\/\/cool-media.ro\/wp-content\/uploads\/2021\/10\/NEST1.jpg&#8221; _builder_version=&#8221;4.10.5&#8243; _module_preset=&#8221;default&#8221; global_colors_info=&#8221;{}&#8221;][\/wdcl_image_carousel_child][\/wdcl_image_carousel][et_pb_text _builder_version=&#8221;4.10.5&#8243; _module_preset=&#8221;default&#8221; text_font=&#8221;Poppins||||||||&#8221; text_text_color=&#8221;#000000&#8243; global_colors_info=&#8221;{}&#8221;]<\/p>\n<p>Date tehnice:<br \/>\u2022 Dimensiune: <span>500 X 250 cm<\/span><br \/>\u2022 Panou publicitar de \u00eenchiriat la cel mai mare centru comercial din zon\u0103 (NEST)<\/p>\n<p>Centrul comercial NEST din Miercurea Ciuc, recent deschis, este vizitat nu doar de locuitorii din zon\u0103, ci \u0219i de vizitatori din mai multe ora\u0219e din regiune, cu un anumit scop. Acest spa\u021biu publicitar de 12,5 metri p\u0103tra\u021bi este situat pe aceast\u0103 strad\u0103 principal\u0103 aglomerat\u0103.\u00a0<\/p>\n<p>&nbsp;<\/p>\n<p>[\/et_pb_text][\/et_pb_column][et_pb_column type=&#8221;2_5&#8243; _builder_version=&#8221;4.10.5&#8243; _module_preset=&#8221;default&#8221; global_colors_info=&#8221;{}&#8221;][et_pb_code _builder_version=&#8221;4.10.5&#8243; _module_preset=&#8221;default&#8221; global_colors_info=&#8221;{}&#8221;]<iframe src=\"https:\/\/www.google.com\/maps\/embed?pb=!1m18!1m12!1m3!1d4630.5328707735425!2d25.810546017872397!3d46.362814183373935!2m3!1f0!2f0!3f0!3m2!1i1024!2i768!4f13.1!3m3!1m2!1s0x0%3A0x0!2zNDbCsDIxJzQ1LjEiTiAyNcKwNDgnNDEuMSJF!5e0!3m2!1shu!2sro!4v1635472778107!5m2!1shu!2sro\" width=\"100%\" height=\"450\" style=\"border:0;\" allowfullscreen=\"\" loading=\"lazy\"><\/iframe>[\/et_pb_code][\/et_pb_column][\/et_pb_row][et_pb_row column_structure=&#8221;3_5,2_5&#8243; _builder_version=&#8221;4.10.5&#8243; _module_preset=&#8221;default&#8221; global_colors_info=&#8221;{}&#8221;][et_pb_column type=&#8221;3_5&#8243; _builder_version=&#8221;4.10.5&#8243; _module_preset=&#8221;default&#8221; global_colors_info=&#8221;{}&#8221;][et_pb_text _builder_version=&#8221;4.10.5&#8243; _module_preset=&#8221;default&#8221; header_font=&#8221;Poppins|800|on||||||&#8221; header_3_font=&#8221;Poppins||||||||&#8221; header_3_text_color=&#8221;#0C71C3&#8243; header_3_font_size=&#8221;15px&#8221; header_5_font=&#8221;Poppins|600|on||||||&#8221; header_5_text_color=&#8221;#0C71C3&#8243; global_colors_info=&#8221;{}&#8221;]<\/p>\n<h1 style=\"text-align: left;\">PANOU PUBLICITAR PRISMA 2<\/h1>\n<h5 style=\"text-align: left;\">Strada Pet\u0151fi S\u00e1ndor - ZONA ULTRA CENTRAL\u0102\u00a0<br \/>(Miercurea Ciuc)<\/h5>\n<h3>De \u00eenchiriat: <em>Disponibil<\/em><\/h3>\n<p>[\/et_pb_text][wdcl_image_carousel autoplay_speed=&#8221;1500ms&#8221; use_lightbox=&#8221;on&#8221; _builder_version=&#8221;4.10.5&#8243; _module_preset=&#8221;default&#8221; global_colors_info=&#8221;{}&#8221;][wdcl_image_carousel_child photo=&#8221;http:\/\/cool-media.ro\/wp-content\/uploads\/2021\/10\/Petofi5.jpg&#8221; _builder_version=&#8221;4.10.5&#8243; _module_preset=&#8221;default&#8221; global_colors_info=&#8221;{}&#8221;][\/wdcl_image_carousel_child][wdcl_image_carousel_child photo=&#8221;http:\/\/cool-media.ro\/wp-content\/uploads\/2021\/10\/Petofi4.jpg&#8221; _builder_version=&#8221;4.10.5&#8243; _module_preset=&#8221;default&#8221; global_colors_info=&#8221;{}&#8221;][\/wdcl_image_carousel_child][wdcl_image_carousel_child photo=&#8221;http:\/\/cool-media.ro\/wp-content\/uploads\/2021\/10\/Petofi3.jpg&#8221; _builder_version=&#8221;4.10.5&#8243; _module_preset=&#8221;default&#8221; global_colors_info=&#8221;{}&#8221;][\/wdcl_image_carousel_child][wdcl_image_carousel_child photo=&#8221;http:\/\/cool-media.ro\/wp-content\/uploads\/2021\/10\/Petofi2.jpg&#8221; _builder_version=&#8221;4.10.5&#8243; _module_preset=&#8221;default&#8221; global_colors_info=&#8221;{}&#8221;][\/wdcl_image_carousel_child][wdcl_image_carousel_child photo=&#8221;http:\/\/cool-media.ro\/wp-content\/uploads\/2021\/10\/Petofi1.jpg&#8221; _builder_version=&#8221;4.10.5&#8243; _module_preset=&#8221;default&#8221; global_colors_info=&#8221;{}&#8221;][\/wdcl_image_carousel_child][\/wdcl_image_carousel][et_pb_text _builder_version=&#8221;4.10.5&#8243; _module_preset=&#8221;default&#8221; text_font=&#8221;Poppins||||||||&#8221; text_text_color=&#8221;#000000&#8243; global_colors_info=&#8221;{}&#8221;]<\/p>\n<p>Date tehnice:<br \/>\u2022 Dimensiune: 500x250 cm<span>00 X 250 cm<\/span><br \/>\u2022 Panou publicitar PRISMA de \u00eenchiriat, suprafa\u021b\u0103 publicitar\u0103 rotativ\u0103 cu trei suprafe\u021be<br \/>- \u00cen centrul centrului, pe un drum cu sens unic, expus la trafic intens.<\/p>\n<p>\u00cen intersec\u021bia cu sens unic a str\u0103zilor Pet\u0151fi \u0219i G\u00e1l S\u00e1ndor, unul dintre cele mai valoroase spa\u021bii publicitare din Cs\u00edkszereda. Este inevitabil vizibil pentru traficul intens de ma\u0219ini \u0219i pietoni.\u00a0\u00a0<\/p>\n<p>&nbsp;<\/p>\n<p>[\/et_pb_text][\/et_pb_column][et_pb_column type=&#8221;2_5&#8243; _builder_version=&#8221;4.10.5&#8243; _module_preset=&#8221;default&#8221; global_colors_info=&#8221;{}&#8221;][et_pb_code _builder_version=&#8221;4.10.5&#8243; _module_preset=&#8221;default&#8221; global_colors_info=&#8221;{}&#8221;]<iframe src=\"https:\/\/www.google.com\/maps\/embed?pb=!4v1635475244964!6m8!1m7!1su04YVftDZhjFk2-gKlCDmQ!2m2!1d46.36141599710404!2d25.80575004942164!3f239.22700132111504!4f1.0439730373743714!5f0.9437061936864446\" width=\"100%\" height=\"450\" style=\"border:0;\" allowfullscreen=\"\" loading=\"lazy\"><\/iframe>[\/et_pb_code][\/et_pb_column][\/et_pb_row][et_pb_row column_structure=&#8221;3_5,2_5&#8243; _builder_version=&#8221;4.10.5&#8243; _module_preset=&#8221;default&#8221; global_colors_info=&#8221;{}&#8221;][et_pb_column type=&#8221;3_5&#8243; _builder_version=&#8221;4.10.5&#8243; _module_preset=&#8221;default&#8221; global_colors_info=&#8221;{}&#8221;][et_pb_text _builder_version=&#8221;4.10.5&#8243; _module_preset=&#8221;default&#8221; header_font=&#8221;Poppins|800|on||||||&#8221; header_3_font=&#8221;Poppins||||||||&#8221; header_3_text_color=&#8221;#E02B20&#8243; header_3_font_size=&#8221;15px&#8221; header_5_font=&#8221;Poppins|600|on||||||&#8221; header_5_text_color=&#8221;#0C71C3&#8243; global_colors_info=&#8221;{}&#8221;]<\/p>\n<h1 style=\"text-align: left;\">PANOU PUBLICITAR PRISMA 3<\/h1>\n<h5 style=\"text-align: left;\">Bulevardul Fr\u0103\u021biei - ZONA ULTRACENTRAL\u0102<br \/>(Miercurea Ciuc)<\/h5>\n<h3>De \u00eenchiriat: <em>\u00cen cur\u00e2nd<\/em><\/h3>\n<p>[\/et_pb_text][wdcl_image_carousel autoplay_speed=&#8221;1500ms&#8221; use_lightbox=&#8221;on&#8221; _builder_version=&#8221;4.10.5&#8243; _module_preset=&#8221;default&#8221; global_colors_info=&#8221;{}&#8221;][wdcl_image_carousel_child photo=&#8221;http:\/\/cool-media.ro\/wp-content\/uploads\/2021\/10\/terveriseg6.jpg&#8221; _builder_version=&#8221;4.10.5&#8243; _module_preset=&#8221;default&#8221; global_colors_info=&#8221;{}&#8221;][\/wdcl_image_carousel_child][wdcl_image_carousel_child photo=&#8221;http:\/\/cool-media.ro\/wp-content\/uploads\/2021\/10\/terveriseg5.jpg&#8221; _builder_version=&#8221;4.10.5&#8243; _module_preset=&#8221;default&#8221; global_colors_info=&#8221;{}&#8221;][\/wdcl_image_carousel_child][wdcl_image_carousel_child photo=&#8221;http:\/\/cool-media.ro\/wp-content\/uploads\/2021\/10\/terveriseg4.jpg&#8221; _builder_version=&#8221;4.10.5&#8243; _module_preset=&#8221;default&#8221; global_colors_info=&#8221;{}&#8221;][\/wdcl_image_carousel_child][wdcl_image_carousel_child photo=&#8221;http:\/\/cool-media.ro\/wp-content\/uploads\/2021\/10\/terveriseg3.jpg&#8221; _builder_version=&#8221;4.10.5&#8243; _module_preset=&#8221;default&#8221; global_colors_info=&#8221;{}&#8221;][\/wdcl_image_carousel_child][wdcl_image_carousel_child photo=&#8221;http:\/\/cool-media.ro\/wp-content\/uploads\/2021\/10\/terveriseg2.jpg&#8221; _builder_version=&#8221;4.10.5&#8243; _module_preset=&#8221;default&#8221; global_colors_info=&#8221;{}&#8221;][\/wdcl_image_carousel_child][wdcl_image_carousel_child photo=&#8221;http:\/\/cool-media.ro\/wp-content\/uploads\/2021\/10\/terveriseg1.jpg&#8221; _builder_version=&#8221;4.10.5&#8243; _module_preset=&#8221;default&#8221; global_colors_info=&#8221;{}&#8221;][\/wdcl_image_carousel_child][\/wdcl_image_carousel][et_pb_text _builder_version=&#8221;4.10.5&#8243; _module_preset=&#8221;default&#8221; text_font=&#8221;Poppins||||||||&#8221; text_text_color=&#8221;#000000&#8243; global_colors_info=&#8221;{}&#8221;]<\/p>\n<p>Date tehnice:<br \/>\u2022 Dimensiune: <span>500 X 250 cm<\/span><br \/>\u2022 Panou publicitar PRISMA de \u00eenchiriat, suprafa\u021b\u0103 publicitar\u0103 rotativ\u0103 cu trei suprafe\u021be<\/p>\n<p>Situat\u0103 pe Bulevardul Fr\u0103\u021biei din Miercurea Ciuc, aceast\u0103 Prism\u0103 publictar\u0103 premium este montat\u0103 pe partea lateral\u0103 a unei cl\u0103diri \u00eenalte, perfect orientat\u0103 at\u00e2t spre \u0219oferi, c\u00e2t \u0219i spre traficul pietonal \u00een trecere. Denumit\u0103 Zona Ultra Central, aceasta este vizibil\u0103 pe m\u0103sur\u0103 ce v\u0103 \u00eendrepta\u021bi spre centrul ora\u0219ului.<\/p>\n<p>&nbsp;<\/p>\n<p>[\/et_pb_text][\/et_pb_column][et_pb_column type=&#8221;2_5&#8243; _builder_version=&#8221;4.10.5&#8243; _module_preset=&#8221;default&#8221; global_colors_info=&#8221;{}&#8221;][et_pb_code _builder_version=&#8221;4.10.5&#8243; _module_preset=&#8221;default&#8221; global_colors_info=&#8221;{}&#8221;]<iframe src=\"https:\/\/www.google.com\/maps\/embed?pb=!1m18!1m12!1m3!1d2753.7627956179517!2d25.803811315834988!3d46.35425197912143!2m3!1f0!2f0!3f0!3m2!1i1024!2i768!4f13.1!3m3!1m2!1s0x0%3A0x0!2zNDbCsDIxJzE1LjMiTiAyNcKwNDgnMjEuNiJF!5e0!3m2!1shu!2sro!4v1635474320923!5m2!1shu!2sro\" width=\"100%\" height=\"450\" style=\"border:0;\" allowfullscreen=\"\" loading=\"lazy\"><\/iframe>[\/et_pb_code][\/et_pb_column][\/et_pb_row][et_pb_row column_structure=&#8221;1_5,1_5,1_5,1_5,1_5&#8243; make_equal=&#8221;on&#8221; _builder_version=&#8221;4.10.5&#8243; _module_preset=&#8221;default&#8221; global_colors_info=&#8221;{}&#8221;][et_pb_column type=&#8221;1_5&#8243; _builder_version=&#8221;4.10.5&#8243; _module_preset=&#8221;default&#8221; global_colors_info=&#8221;{}&#8221;][et_pb_button button_url=&#8221;\/spatii-publicitare-a0&#8243; button_text=&#8221;OSZLOPOS PAN\u00d3K SZ\u00c9KELYUDVARHELY&#8221; button_alignment=&#8221;center&#8221; _builder_version=&#8221;4.10.5&#8243; _module_preset=&#8221;default&#8221; custom_button=&#8221;on&#8221; button_text_size=&#8221;15px&#8221; button_text_color=&#8221;#FFFFFF&#8221; button_bg_color=&#8221;#E09900&#8243; button_border_color=&#8221;#fcc500&#8243; button_font=&#8221;Poppins|800|||||||&#8221; background_layout=&#8221;dark&#8221; global_colors_info=&#8221;{}&#8221;][\/et_pb_button][\/et_pb_column][et_pb_column type=&#8221;1_5&#8243; _builder_version=&#8221;4.10.5&#8243; _module_preset=&#8221;default&#8221; global_colors_info=&#8221;{}&#8221;][et_pb_button button_url=&#8221;\/mciuc&#8221; button_text=&#8221;CS\u00cdKSZEREDAI REKL\u00c1MFEL\u00dcLETEK&#8221; button_alignment=&#8221;center&#8221; _builder_version=&#8221;4.10.5&#8243; _module_preset=&#8221;default&#8221; custom_button=&#8221;on&#8221; button_text_size=&#8221;15px&#8221; button_text_color=&#8221;#FFFFFF&#8221; button_bg_color=&#8221;#0C71C3&#8243; button_border_color=&#8221;#5b9ce5&#8243; button_font=&#8221;Poppins|800|||||||&#8221; background_layout=&#8221;dark&#8221; global_colors_info=&#8221;{}&#8221;][\/et_pb_button][\/et_pb_column][et_pb_column type=&#8221;1_5&#8243; _builder_version=&#8221;4.10.5&#8243; _module_preset=&#8221;default&#8221; global_colors_info=&#8221;{}&#8221;][et_pb_button button_url=&#8221;\/cristurusecuiesc&#8221; button_text=&#8221;SZ\u00c9KELYKERESZT\u00daRI REKL\u00c1MFEL\u00dcLETEK&#8221; button_alignment=&#8221;center&#8221; _builder_version=&#8221;4.10.5&#8243; _module_preset=&#8221;default&#8221; custom_button=&#8221;on&#8221; button_text_size=&#8221;15px&#8221; button_text_color=&#8221;#FFFFFF&#8221; button_bg_color=&#8221;#00bc9d&#8221; button_border_color=&#8221;#099e85&#8243; button_font=&#8221;Poppins|800|||||||&#8221; background_layout=&#8221;dark&#8221; global_colors_info=&#8221;{}&#8221;][\/et_pb_button][\/et_pb_column][et_pb_column type=&#8221;1_5&#8243; _builder_version=&#8221;4.10.5&#8243; _module_preset=&#8221;default&#8221; global_colors_info=&#8221;{}&#8221;][et_pb_button button_url=&#8221;\/sibiu-2&#8243; button_text=&#8221;SZEBEN MEGYEI REKL\u00c1MFEL\u00dcLETEK&#8221; button_alignment=&#8221;center&#8221; _builder_version=&#8221;4.10.5&#8243; _module_preset=&#8221;default&#8221; custom_button=&#8221;on&#8221; button_text_size=&#8221;15px&#8221; button_text_color=&#8221;#FFFFFF&#8221; button_bg_color=&#8221;#00a4ba&#8221; button_border_color=&#8221;#00c7ea&#8221; button_font=&#8221;Poppins|800|||||||&#8221; background_layout=&#8221;dark&#8221; global_colors_info=&#8221;{}&#8221;][\/et_pb_button][\/et_pb_column][et_pb_column type=&#8221;1_5&#8243; _builder_version=&#8221;4.10.5&#8243; _module_preset=&#8221;default&#8221; global_colors_info=&#8221;{}&#8221;][et_pb_button button_url=&#8221;\/mures&#8221; button_text=&#8221;MAROS MEGYEI REKL\u00c1MFEL\u00dcLETEK&#8221; button_alignment=&#8221;center&#8221; _builder_version=&#8221;4.10.5&#8243; _module_preset=&#8221;default&#8221; custom_button=&#8221;on&#8221; button_text_size=&#8221;15px&#8221; button_text_color=&#8221;#FFFFFF&#8221; button_bg_color=&#8221;#ed0056&#8243; button_border_color=&#8221;#f762aa&#8221; button_font=&#8221;Poppins|800|||||||&#8221; background_layout=&#8221;dark&#8221; global_colors_info=&#8221;{}&#8221;][\/et_pb_button][\/et_pb_column][\/et_pb_row][\/et_pb_section]<\/p>","protected":false},"excerpt":{"rendered":"<p>Cs\u00edkszereda Rekl\u00e1mfel\u00fcleteinkPan\u00f3 \u00d3RI\u00c1S 1. Z\u00d3NA: NEST Shopping Center\u00a0Hunyadi J\u00e1nos utca (Cs\u00edkszereda) B\u00e9relhet\u0151: Azonnal<div class=\"et_pb_module wdcl_image_carousel wdcl_image_carousel_0\">\n\t\t\t\t\n\t\t\t\t\n\t\t\t\t\n\t\t\t\t\n\t\t\t\t\n\t\t\t\t\n\t\t\t\t<div class=\"et_pb_module_inner\">\n\t\t\t\t\t<div dir=\"ltr\" class=\"dcm-container dcm-carousel-maker dcm-lightbox-enabled\" data-pagi=\"false\"\n\t\t\tdata-pagi-tablet=\"false\"\n\t\t\tdata-pagi-phone=\"false\"\n\t\t\tdata-nav=\"true\"\n\t\t\tdata-nav-tablet=\"true\"\n\t\t\tdata-nav-phone=\"true\"\n\t\t\tdata-autoplay=\"on\"\n\t\t\tdata-autoplay-speed=\"1500ms\"\n\t\t\tdata-speed=\"700ms\"\n\t\t\tdata-slides=\"3\"\n\t\t\tdata-slides-tablet=\"3\"\n\t\t\tdata-slides-phone=\"3\"\n\t\t\tdata-center=\"off\"\n\t\t\tdata-center-mode-type=\"classic\"\n\t\t\tdata-center-padding=\"70px||\"\n\t\t\tdata-vertical=\"off\"\n\t\t\tdata-icon-left=\"4\"\n\t\t\tdata-icon-right=\"5\"\n\t\t\tdata-infinite=\"on\"\n\t\t\tdata-variable-width=\"off\"\n\t\t\tdata-auto-height=\"off\"\n\t\t\tdata-items-scroll=\"1||\"\n\t\t\tdata-fade=\"off\"\n\t\t\tdata-dir=\"ltr\">\n                <div class=\"wdcl_image_carousel_child wdcl_image_carousel_child_0 wdc_et_pb_module\">\n\t\t\t\t\n\t\t\t\t\n\t\t\t\t\n\t\t\t\t\n\t\t\t\t\n\t\t\t\t\n\t\t\t\t<div class=\"et_pb_module_inner\">\n\t\t\t\t\t<div class=\"dcm-carousel-item dcm-image-swap dcm-hover--zoom-in\">\n\t\t\t\t<figure class=\"dcm-lightbox-ctrl\">\n\t\t\t\t<div class=\"dcm-overlay\" data-icon=\"\"><\/div>\n\t\t\t\t<img decoding=\"async\" class=\"dcm-main-img\" data-mfp-src=\"http:\/\/cool-media.ro\/wp-content\/uploads\/2021\/10\/NEST4.jpg\" src=\"http:\/\/cool-media.ro\/wp-content\/uploads\/2021\/10\/NEST4.jpg\" alt=\"\"\/>\n            <\/figure> \n\t\t\t<\/div>\n\t\t\t\t<\/div>\n\t\t\t<\/div><div class=\"wdcl_image_carousel_child wdcl_image_carousel_child_1 wdc_et_pb_module\">\n\t\t\t\t\n\t\t\t\t\n\t\t\t\t\n\t\t\t\t\n\t\t\t\t\n\t\t\t\t\n\t\t\t\t<div class=\"et_pb_module_inner\">\n\t\t\t\t\t<div class=\"dcm-carousel-item dcm-image-swap dcm-hover--none\">\n\t\t\t\t<figure class=\"dcm-lightbox-ctrl\">\n\t\t\t\t<div class=\"dcm-overlay\" data-icon=\"\"><\/div>\n\t\t\t\t<img decoding=\"async\" class=\"dcm-main-img\" data-mfp-src=\"http:\/\/cool-media.ro\/wp-content\/uploads\/2021\/10\/NEST3.jpg\" src=\"http:\/\/cool-media.ro\/wp-content\/uploads\/2021\/10\/NEST3.jpg\" alt=\"\"\/>\n            <\/figure> \n\t\t\t<\/div>\n\t\t\t\t<\/div>\n\t\t\t<\/div><div class=\"wdcl_image_carousel_child wdcl_image_carousel_child_2 wdc_et_pb_module\">\n\t\t\t\t\n\t\t\t\t\n\t\t\t\t\n\t\t\t\t\n\t\t\t\t\n\t\t\t\t\n\t\t\t\t<div class=\"et_pb_module_inner\">\n\t\t\t\t\t<div class=\"dcm-carousel-item dcm-image-swap dcm-hover--none\">\n\t\t\t\t<figure class=\"dcm-lightbox-ctrl\">\n\t\t\t\t<div class=\"dcm-overlay\" data-icon=\"\"><\/div>\n\t\t\t\t<img decoding=\"async\" class=\"dcm-main-img\" data-mfp-src=\"http:\/\/cool-media.ro\/wp-content\/uploads\/2021\/10\/NEST2.jpg\" src=\"http:\/\/cool-media.ro\/wp-content\/uploads\/2021\/10\/NEST2.jpg\" alt=\"\"\/>\n            <\/figure> \n\t\t\t<\/div>\n\t\t\t\t<\/div>\n\t\t\t<\/div><div class=\"wdcl_image_carousel_child wdcl_image_carousel_child_3 wdc_et_pb_module\">\n\t\t\t\t\n\t\t\t\t\n\t\t\t\t\n\t\t\t\t\n\t\t\t\t\n\t\t\t\t\n\t\t\t\t<div class=\"et_pb_module_inner\">\n\t\t\t\t\t<div class=\"dcm-carousel-item dcm-image-swap dcm-hover--none\">\n\t\t\t\t<figure class=\"dcm-lightbox-ctrl\">\n\t\t\t\t<div class=\"dcm-overlay\" data-icon=\"\"><\/div>\n\t\t\t\t<img decoding=\"async\" class=\"dcm-main-img\" data-mfp-src=\"http:\/\/cool-media.ro\/wp-content\/uploads\/2021\/10\/NEST1.jpg\" src=\"http:\/\/cool-media.ro\/wp-content\/uploads\/2021\/10\/NEST1.jpg\" alt=\"\"\/>\n            <\/figure> \n\t\t\t<\/div>\n\t\t\t\t<\/div>\n\t\t\t<\/div>\n            <\/div>\n\t\t\t\t<\/div>\n\t\t\t<\/div>Technikai adatok:\u2022 M\u00e9ret: 500 X 250 cm\u2022 B\u00e9relhet\u0151 rekl\u00e1mt\u00e1bla, a t\u00e9rs\u00e9g legnagyobb bev\u00e1s\u00e1rl\u00f3k\u00f6zpontj\u00e1n\u00e1l (NEST) A Cs\u00edkszered\u00e1ban frissen elk\u00e9sz\u00fclt NEST bev\u00e1s\u00e1rl\u00f3k\u00f6zpontba nemcsak [&hellip;]<\/p>","protected":false},"author":1,"featured_media":0,"parent":0,"menu_order":0,"comment_status":"closed","ping_status":"closed","template":"","meta":{"_et_pb_use_builder":"on","_et_pb_old_content":"","_et_gb_content_width":"","footnotes":""},"class_list":["post-684","page","type-page","status-publish","hentry"],"_links":{"self":[{"href":"https:\/\/cool-media.ro\/ro\/wp-json\/wp\/v2\/pages\/684","targetHints":{"allow":["GET"]}}],"collection":[{"href":"https:\/\/cool-media.ro\/ro\/wp-json\/wp\/v2\/pages"}],"about":[{"href":"https:\/\/cool-media.ro\/ro\/wp-json\/wp\/v2\/types\/page"}],"author":[{"embeddable":true,"href":"https:\/\/cool-media.ro\/ro\/wp-json\/wp\/v2\/users\/1"}],"replies":[{"embeddable":true,"href":"https:\/\/cool-media.ro\/ro\/wp-json\/wp\/v2\/comments?post=684"}],"version-history":[{"count":16,"href":"https:\/\/cool-media.ro\/ro\/wp-json\/wp\/v2\/pages\/684\/revisions"}],"predecessor-version":[{"id":786,"href":"https:\/\/cool-media.ro\/ro\/wp-json\/wp\/v2\/pages\/684\/revisions\/786"}],"wp:attachment":[{"href":"https:\/\/cool-media.ro\/ro\/wp-json\/wp\/v2\/media?parent=684"}],"curies":[{"name":"wp","href":"https:\/\/api.w.org\/{rel}","templated":true}]}}